{"id":1368,"date":"2026-04-09T13:54:26","date_gmt":"2026-04-09T11:54:26","guid":{"rendered":"https:\/\/carnets.lartimuse.fr\/?post_type=product&#038;p=1368"},"modified":"2026-04-09T13:59:52","modified_gmt":"2026-04-09T11:59:52","slug":"lexotique","status":"publish","type":"product","link":"https:\/\/carnets.lartimuse.fr\/?product=lexotique","title":{"rendered":"L&rsquo;exotique"},"content":{"rendered":"<p>Color\u00e9 et p\u00e9tillant, ce carnet, incitant \u00e0 la cr\u00e9ation et \u00e0 l&rsquo;\u00e9vasion, est fa\u00e7onn\u00e9 avec du tissu aux motifs floraux.<br \/>\nLe papier Fabriano 160g \u00ae vous permettra de r\u00e9aliser tous vos projets en dessin et peinture et le 120g sera id\u00e9al pour l&rsquo;\u00e9criture.<br \/>\nLa reliure Copte permet une ouverture \u00e0 plat et laisse visible une couture soign\u00e9e, r\u00e9alis\u00e9e avec du fil cir\u00e9. Un \u00e9lastique vient fermer le carnet.<\/p>\n<p><em><br \/>\nPour les produits marqu\u00e9s \u00ab<span class=\"backorder-note\">Sur commande<\/span>\u00bb, pr\u00e9voir un d\u00e9lai suppl\u00e9mentaire de fabrication d&rsquo;une semaine.<br \/>\nTous les produits sont fabriqu\u00e9s \u00e0 la main. Selon la d\u00e9coupe, la couverture peut l\u00e9g\u00e8rement varier par rapport \u00e0 la photo.<br \/>\nN\u2019h\u00e9sitez pas \u00e0 <a href=\"\/?page_id=996\">me contacter<\/a> pour de plus amples informations.<br \/>\n<\/em><\/p>\n","protected":false},"excerpt":{"rendered":"<h4>Carnet rigide<br \/>\nCouverture tissu<br \/>\nFormat du papier A5 (14,8X21cm) et A6 (14,8&#215;10,5cm)<br \/>\n80 pages<br \/>\nPapier Fabriano 160g sans ligne, 120g avec lignes<br \/>\nReliure copte<\/h4>\n","protected":false},"featured_media":1374,"comment_status":"open","ping_status":"closed","template":"","meta":{"ocean_post_layout":"","ocean_both_sidebars_style":"","ocean_both_sidebars_content_width":0,"ocean_both_sidebars_sidebars_width":0,"ocean_sidebar":"0","ocean_second_sidebar":"0","ocean_disable_margins":"enable","ocean_add_body_class":"","ocean_shortcode_before_top_bar":"","ocean_shortcode_after_top_bar":"","ocean_shortcode_before_header":"","ocean_shortcode_after_header":"","ocean_has_shortcode":"","ocean_shortcode_after_title":"","ocean_shortcode_before_footer_widgets":"","ocean_shortcode_after_footer_widgets":"","ocean_shortcode_before_footer_bottom":"","ocean_shortcode_after_footer_bottom":"","ocean_display_top_bar":"default","ocean_display_header":"default","ocean_header_style":"","ocean_center_header_left_menu":"0","ocean_custom_header_template":"0","ocean_custom_logo":0,"ocean_custom_retina_logo":0,"ocean_custom_logo_max_width":0,"ocean_custom_logo_tablet_max_width":0,"ocean_custom_logo_mobile_max_width":0,"ocean_custom_logo_max_height":0,"ocean_custom_logo_tablet_max_height":0,"ocean_custom_logo_mobile_max_height":0,"ocean_header_custom_menu":"0","ocean_menu_typo_font_family":"0","ocean_menu_typo_font_subset":"","ocean_menu_typo_font_size":0,"ocean_menu_typo_font_size_tablet":0,"ocean_menu_typo_font_size_mobile":0,"ocean_menu_typo_font_size_unit":"px","ocean_menu_typo_font_weight":"","ocean_menu_typo_font_weight_tablet":"","ocean_menu_typo_font_weight_mobile":"","ocean_menu_typo_transform":"","ocean_menu_typo_transform_tablet":"","ocean_menu_typo_transform_mobile":"","ocean_menu_typo_line_height":0,"ocean_menu_typo_line_height_tablet":0,"ocean_menu_typo_line_height_mobile":0,"ocean_menu_typo_line_height_unit":"","ocean_menu_typo_spacing":0,"ocean_menu_typo_spacing_tablet":0,"ocean_menu_typo_spacing_mobile":0,"ocean_menu_typo_spacing_unit":"","ocean_menu_link_color":"","ocean_menu_link_color_hover":"","ocean_menu_link_color_active":"","ocean_menu_link_background":"","ocean_menu_link_hover_background":"","ocean_menu_link_active_background":"","ocean_menu_social_links_bg":"","ocean_menu_social_hover_links_bg":"","ocean_menu_social_links_color":"","ocean_menu_social_hover_links_color":"","ocean_disable_title":"default","ocean_disable_heading":"default","ocean_post_title":"","ocean_post_subheading":"","ocean_post_title_style":"","ocean_post_title_background_color":"","ocean_post_title_background":0,"ocean_post_title_bg_image_position":"","ocean_post_title_bg_image_attachment":"","ocean_post_title_bg_image_repeat":"","ocean_post_title_bg_image_size":"","ocean_post_title_height":0,"ocean_post_title_bg_overlay":0.5,"ocean_post_title_bg_overlay_color":"","ocean_disable_breadcrumbs":"default","ocean_breadcrumbs_color":"","ocean_breadcrumbs_separator_color":"","ocean_breadcrumbs_links_color":"","ocean_breadcrumbs_links_hover_color":"","ocean_display_footer_widgets":"default","ocean_display_footer_bottom":"default","ocean_custom_footer_template":"0"},"product_brand":[],"product_cat":[44],"product_tag":[],"class_list":{"0":"post-1368","1":"product","2":"type-product","3":"status-publish","4":"has-post-thumbnail","6":"product_cat-collection-escapade","7":"pa_couverture-tissu","8":"pa_product-type-rigide","10":"entry","11":"has-media","13":"first","14":"instock","15":"shipping-taxable","16":"purchasable","17":"product-type-variable","18":"has-product-nav","19":"col","20":"span_1_of_3","21":"owp-content-center","22":"item-entry","23":"owp-thumbs-layout-horizontal","24":"owp-btn-normal","25":"owp-tabs-layout-horizontal"},"jetpack_sharing_enabled":true,"_links":{"self":[{"href":"https:\/\/carnets.lartimuse.fr\/index.php?rest_route=\/wp\/v2\/product\/1368","targetHints":{"allow":["GET"]}}],"collection":[{"href":"https:\/\/carnets.lartimuse.fr\/index.php?rest_route=\/wp\/v2\/product"}],"about":[{"href":"https:\/\/carnets.lartimuse.fr\/index.php?rest_route=\/wp\/v2\/types\/product"}],"replies":[{"embeddable":true,"href":"https:\/\/carnets.lartimuse.fr\/index.php?rest_route=%2Fwp%2Fv2%2Fcomments&post=1368"}],"wp:featuredmedia":[{"embeddable":true,"href":"https:\/\/carnets.lartimuse.fr\/index.php?rest_route=\/wp\/v2\/media\/1374"}],"wp:attachment":[{"href":"https:\/\/carnets.lartimuse.fr\/index.php?rest_route=%2Fwp%2Fv2%2Fmedia&parent=1368"}],"wp:term":[{"taxonomy":"product_brand","embeddable":true,"href":"https:\/\/carnets.lartimuse.fr\/index.php?rest_route=%2Fwp%2Fv2%2Fproduct_brand&post=1368"},{"taxonomy":"product_cat","embeddable":true,"href":"https:\/\/carnets.lartimuse.fr\/index.php?rest_route=%2Fwp%2Fv2%2Fproduct_cat&post=1368"},{"taxonomy":"product_tag","embeddable":true,"href":"https:\/\/carnets.lartimuse.fr\/index.php?rest_route=%2Fwp%2Fv2%2Fproduct_tag&post=1368"}],"curies":[{"name":"wp","href":"https:\/\/api.w.org\/{rel}","templated":true}]}}